{"id":335,"date":"2016-12-13T00:38:50","date_gmt":"2016-12-12T22:38:50","guid":{"rendered":"http:\/\/www.erdemlersozlugu.org\/?page_id=335"},"modified":"2019-01-26T22:07:58","modified_gmt":"2019-01-26T20:07:58","slug":"hakkinda","status":"publish","type":"page","link":"https:\/\/erdemlersozlugu.org\/?page_id=335","title":{"rendered":"Erdemler S\u00f6zl\u00fc\u011f\u00fc Aktiffelsefe K\u00fclt\u00fcr Derne\u011fi Taraf\u0131ndan Haz\u0131rlanm\u0131\u015ft\u0131r."},"content":{"rendered":"","protected":false},"excerpt":{"rendered":"","protected":false},"author":3,"featured_media":0,"parent":0,"menu_order":0,"comment_status":"closed","ping_status":"closed","template":"","meta":[],"_links":{"self":[{"href":"https:\/\/erdemlersozlugu.org\/index.php?rest_route=\/wp\/v2\/pages\/335"}],"collection":[{"href":"https:\/\/erdemlersozlugu.org\/index.php?rest_route=\/wp\/v2\/pages"}],"about":[{"href":"https:\/\/erdemlersozlugu.org\/index.php?rest_route=\/wp\/v2\/types\/page"}],"author":[{"embeddable":true,"href":"https:\/\/erdemlersozlugu.org\/index.php?rest_route=\/wp\/v2\/users\/3"}],"replies":[{"embeddable":true,"href":"https:\/\/erdemlersozlugu.org\/index.php?rest_route=%2Fwp%2Fv2%2Fcomments&post=335"}],"version-history":[{"count":4,"href":"https:\/\/erdemlersozlugu.org\/index.php?rest_route=\/wp\/v2\/pages\/335\/revisions"}],"predecessor-version":[{"id":1243,"href":"https:\/\/erdemlersozlugu.org\/index.php?rest_route=\/wp\/v2\/pages\/335\/revisions\/1243"}],"wp:attachment":[{"href":"https:\/\/erdemlersozlugu.org\/index.php?rest_route=%2Fwp%2Fv2%2Fmedia&parent=335"}],"curies":[{"name":"wp","href":"https:\/\/api.w.org\/{rel}","templated":true}]}}